{"id":316,"date":"2021-02-17T12:09:13","date_gmt":"2021-02-17T12:09:13","guid":{"rendered":"https:\/\/concellopanton.es\/?page_id=316"},"modified":"2021-02-17T12:17:47","modified_gmt":"2021-02-17T12:17:47","slug":"patrimonio-romanico","status":"publish","type":"page","link":"https:\/\/concellopanton.es\/?page_id=316","title":{"rendered":"Patrimonio Rom\u00e1nico"},"content":{"rendered":"\t\t<div data-elementor-type=\"wp-page\" data-elementor-id=\"316\" class=\"elementor elementor-316\" data-elementor-settings=\"[]\">\n\t\t\t\t\t\t\t<div class=\"elementor-section-wrap\">\n\t\t\t\t\t\t\t<section class=\"elementor-section elementor-top-section elementor-element elementor-element-5058f8e9 elementor-section-content-middle elementor-section-boxed elementor-section-height-default elementor-section-height-default\" data-id=\"5058f8e9\" data-element_type=\"section\">\n\t\t\t\t\t\t<div class=\"elementor-container elementor-column-gap-no\">\n\t\t\t\t\t<div class=\"elementor-column elementor-col-100 elementor-top-column elementor-element elementor-element-125e71fd\" data-id=\"125e71fd\" data-element_type=\"column\">\n\t\t\t<div class=\"elementor-widget-wrap elementor-element-populated\">\n\t\t\t\t\t\t\t\t<div class=\"elementor-element elementor-element-40f6378e elementor-widget elementor-widget-heading\" data-id=\"40f6378e\" data-element_type=\"widget\" data-widget_type=\"heading.default\">\n\t\t\t\t<div class=\"elementor-widget-container\">\n\t\t\t<h4 class=\"elementor-heading-title elementor-size-default\">Rom\u00e1nico<\/h4>\t\t<\/div>\n\t\t\t\t<\/div>\n\t\t\t\t<div class=\"elementor-element elementor-element-7ea35fd4 elementor-widget elementor-widget-heading\" data-id=\"7ea35fd4\" data-element_type=\"widget\" data-widget_type=\"heading.default\">\n\t\t\t\t<div class=\"elementor-widget-container\">\n\t\t\t<h5 class=\"elementor-heading-title elementor-size-default\">As igrexas rom\u00e1nicas de Pant\u00f3n pertenceron a mosteiros que tiveron a s\u00faa orixe na Idade Media. A situaci\u00f3n  xeogr\u00e1fica deste concello, ba\u00f1ado polos r\u00edos Cabe, Mi\u00f1o e Sil, favoreceu os asentamentos relixiosos no seu territorio. Son na s\u00faa maior\u00eda de pequeno tama\u00f1o, pero conservan  unha gran riqueza escult\u00f3rica e importantes pinturas murais.\nDe t\u00f3dolos mosteiros medievais, s\u00f3 perdurou a vida relixiosa activa no mosteiro cisterciense do Divino Salvador de Ferreira de Pant\u00f3n.<\/h5>\t\t<\/div>\n\t\t\t\t<\/div>\n\t\t\t\t<section class=\"elementor-section elementor-inner-section elementor-element elementor-element-3142bbb9 elementor-section-content-middle elementor-section-boxed elementor-section-height-default elementor-section-height-default\" data-id=\"3142bbb9\" data-element_type=\"section\">\n\t\t\t\t\t\t<div class=\"elementor-container elementor-column-gap-no\">\n\t\t\t\t\t<div class=\"elementor-column elementor-col-50 elementor-inner-column elementor-element elementor-element-1dfecbe5\" data-id=\"1dfecbe5\" data-element_type=\"column\">\n\t\t\t<div class=\"elementor-widget-wrap elementor-element-populated\">\n\t\t\t\t\t\t\t\t<div class=\"elementor-element elementor-element-6c3aef05 elementor-position-top elementor-vertical-align-top elementor-widget elementor-widget-image-box\" data-id=\"6c3aef05\" data-element_type=\"widget\" data-widget_type=\"image-box.default\">\n\t\t\t\t<div class=\"elementor-widget-container\">\n\t\t\t<div class=\"elementor-image-box-wrapper\"><figure class=\"elementor-image-box-img\"><img loading=\"lazy\" decoding=\"async\" width=\"1024\" height=\"768\" src=\"https:\/\/concellopanton.es\/wp-content\/uploads\/2021\/02\/San-Fiz-de-Cangas-Concello-de-Panton.jpg\" class=\"attachment-full size-full\" alt=\"\" srcset=\"https:\/\/concellopanton.es\/wp-content\/uploads\/2021\/02\/San-Fiz-de-Cangas-Concello-de-Panton.jpg 1024w, https:\/\/concellopanton.es\/wp-content\/uploads\/2021\/02\/San-Fiz-de-Cangas-Concello-de-Panton-300x225.jpg 300w, https:\/\/concellopanton.es\/wp-content\/uploads\/2021\/02\/San-Fiz-de-Cangas-Concello-de-Panton-768x576.jpg 768w\" sizes=\"auto, (max-width: 1024px) 100vw, 1024px\" \/><\/figure><div class=\"elementor-image-box-content\"><h3 class=\"elementor-image-box-title\">San Fiz de Cangas<\/h3><p class=\"elementor-image-box-description\"> Concello de Pant\u00f3n<\/p><\/div><\/div>\t\t<\/div>\n\t\t\t\t<\/div>\n\t\t\t\t\t<\/div>\n\t\t<\/div>\n\t\t\t\t<div class=\"elementor-column elementor-col-50 elementor-inner-column elementor-element elementor-element-618976da\" data-id=\"618976da\" data-element_type=\"column\">\n\t\t\t<div class=\"elementor-widget-wrap elementor-element-populated\">\n\t\t\t\t\t\t\t\t<div class=\"elementor-element elementor-element-390aa9d3 elementor-position-top elementor-vertical-align-top elementor-widget elementor-widget-image-box\" data-id=\"390aa9d3\" data-element_type=\"widget\" data-widget_type=\"image-box.default\">\n\t\t\t\t<div class=\"elementor-widget-container\">\n\t\t\t<div class=\"elementor-image-box-wrapper\"><figure class=\"elementor-image-box-img\"><img loading=\"lazy\" decoding=\"async\" width=\"1024\" height=\"768\" src=\"https:\/\/concellopanton.es\/wp-content\/uploads\/2021\/02\/San-Vicente-de-Pombeiro-Concello-de-Panton.jpg\" class=\"attachment-full size-full\" alt=\"\" srcset=\"https:\/\/concellopanton.es\/wp-content\/uploads\/2021\/02\/San-Vicente-de-Pombeiro-Concello-de-Panton.jpg 1024w, https:\/\/concellopanton.es\/wp-content\/uploads\/2021\/02\/San-Vicente-de-Pombeiro-Concello-de-Panton-300x225.jpg 300w, https:\/\/concellopanton.es\/wp-content\/uploads\/2021\/02\/San-Vicente-de-Pombeiro-Concello-de-Panton-768x576.jpg 768w\" sizes=\"auto, (max-width: 1024px) 100vw, 1024px\" \/><\/figure><div class=\"elementor-image-box-content\"><h3 class=\"elementor-image-box-title\">San Vicente de Pombeiro<\/h3><p class=\"elementor-image-box-description\">Concello de Pant\u00f3n<\/p><\/div><\/div>\t\t<\/div>\n\t\t\t\t<\/div>\n\t\t\t\t\t<\/div>\n\t\t<\/div>\n\t\t\t\t\t\t\t<\/div>\n\t\t<\/section>\n\t\t\t\t<section class=\"elementor-section elementor-inner-section elementor-element elementor-element-5e156826 elementor-section-content-middle elementor-section-boxed elementor-section-height-default elementor-section-height-default\" data-id=\"5e156826\" data-element_type=\"section\">\n\t\t\t\t\t\t<div class=\"elementor-container elementor-column-gap-no\">\n\t\t\t\t\t<div class=\"elementor-column elementor-col-50 elementor-inner-column elementor-element elementor-element-1a387f5c\" data-id=\"1a387f5c\" data-element_type=\"column\">\n\t\t\t<div class=\"elementor-widget-wrap elementor-element-populated\">\n\t\t\t\t\t\t\t\t<div class=\"elementor-element elementor-element-3b275790 elementor-position-top elementor-vertical-align-top elementor-widget elementor-widget-image-box\" data-id=\"3b275790\" data-element_type=\"widget\" data-widget_type=\"image-box.default\">\n\t\t\t\t<div class=\"elementor-widget-container\">\n\t\t\t<div class=\"elementor-image-box-wrapper\"><figure class=\"elementor-image-box-img\"><img loading=\"lazy\" decoding=\"async\" width=\"1024\" height=\"768\" src=\"https:\/\/concellopanton.es\/wp-content\/uploads\/2021\/02\/San-Miguel-de-Eire-Concello-de-Panton.jpg\" class=\"attachment-full size-full\" alt=\"\" srcset=\"https:\/\/concellopanton.es\/wp-content\/uploads\/2021\/02\/San-Miguel-de-Eire-Concello-de-Panton.jpg 1024w, https:\/\/concellopanton.es\/wp-content\/uploads\/2021\/02\/San-Miguel-de-Eire-Concello-de-Panton-300x225.jpg 300w, https:\/\/concellopanton.es\/wp-content\/uploads\/2021\/02\/San-Miguel-de-Eire-Concello-de-Panton-768x576.jpg 768w\" sizes=\"auto, (max-width: 1024px) 100vw, 1024px\" \/><\/figure><div class=\"elementor-image-box-content\"><h3 class=\"elementor-image-box-title\">San Miguel de Eir\u00e9<\/h3><p class=\"elementor-image-box-description\">Concello de Pant\u00f3n<\/p><\/div><\/div>\t\t<\/div>\n\t\t\t\t<\/div>\n\t\t\t\t\t<\/div>\n\t\t<\/div>\n\t\t\t\t<div class=\"elementor-column elementor-col-50 elementor-inner-column elementor-element elementor-element-32e2c7ab\" data-id=\"32e2c7ab\" data-element_type=\"column\">\n\t\t\t<div class=\"elementor-widget-wrap elementor-element-populated\">\n\t\t\t\t\t\t\t\t<div class=\"elementor-element elementor-element-461473b0 elementor-position-top elementor-vertical-align-top elementor-widget elementor-widget-image-box\" data-id=\"461473b0\" data-element_type=\"widget\" data-widget_type=\"image-box.default\">\n\t\t\t\t<div class=\"elementor-widget-container\">\n\t\t\t<div class=\"elementor-image-box-wrapper\"><figure class=\"elementor-image-box-img\"><img loading=\"lazy\" decoding=\"async\" width=\"1024\" height=\"651\" src=\"https:\/\/concellopanton.es\/wp-content\/uploads\/2021\/02\/Mosteiro-Cisterciense-de-Ferreira-Concello-de-Panton.jpg\" class=\"attachment-full size-full\" alt=\"\" srcset=\"https:\/\/concellopanton.es\/wp-content\/uploads\/2021\/02\/Mosteiro-Cisterciense-de-Ferreira-Concello-de-Panton.jpg 1024w, https:\/\/concellopanton.es\/wp-content\/uploads\/2021\/02\/Mosteiro-Cisterciense-de-Ferreira-Concello-de-Panton-300x191.jpg 300w, https:\/\/concellopanton.es\/wp-content\/uploads\/2021\/02\/Mosteiro-Cisterciense-de-Ferreira-Concello-de-Panton-768x488.jpg 768w\" sizes=\"auto, (max-width: 1024px) 100vw, 1024px\" \/><\/figure><div class=\"elementor-image-box-content\"><h3 class=\"elementor-image-box-title\">Mosteiro Cisterciense de Ferreira<\/h3><p class=\"elementor-image-box-description\">Concello de Pant\u00f3n<\/p><\/div><\/div>\t\t<\/div>\n\t\t\t\t<\/div>\n\t\t\t\t\t<\/div>\n\t\t<\/div>\n\t\t\t\t\t\t\t<\/div>\n\t\t<\/section>\n\t\t\t\t\t<\/div>\n\t\t<\/div>\n\t\t\t\t\t\t\t<\/div>\n\t\t<\/section>\n\t\t\t\t<section class=\"elementor-section elementor-top-section elementor-element elementor-element-a797a77 elementor-section-boxed elementor-section-height-default elementor-section-height-default\" data-id=\"a797a77\" data-element_type=\"section\">\n\t\t\t\t\t\t<div class=\"elementor-container elementor-column-gap-default\">\n\t\t\t\t\t<div class=\"elementor-column elementor-col-100 elementor-top-column elementor-element elementor-element-d0fcb0a\" data-id=\"d0fcb0a\" data-element_type=\"column\">\n\t\t\t<div class=\"elementor-widget-wrap elementor-element-populated\">\n\t\t\t\t\t\t\t\t<div class=\"elementor-element elementor-element-dc44623 elementor-widget elementor-widget-heading\" data-id=\"dc44623\" data-element_type=\"widget\" data-widget_type=\"heading.default\">\n\t\t\t\t<div class=\"elementor-widget-container\">\n\t\t\t<h5 class=\"elementor-heading-title elementor-size-default\">Los r\u00edos \u2013el Sil, el Cabe, el Mi\u00f1o- pasan pero la tierra permanece. Esta es tierra benedictina, parcela preciosa de la Ribeira Sagrada: Santa Mar\u00eda de Ferreira, San Miguel de Eir\u00e9, Santo Estevo de At\u00e1n, San Vicente de Pombeiro, San Fiz de Cangas. Aqu\u00ed fueron las dulces abadesas de anta\u00f1o:  vienen los f\u00e9minos nombres, como flores coloradas, en las donaciones de anta\u00f1o: Ximena, abadesa de Ferreira, Aldonza, abadesa de Eir\u00e9, y do\u00f1a Elvira, abadesa de San Fiz\u201dMais o\u00fa sont les neiges de At\u00e1n\u201d \u00bfDonde est\u00e1n, Virgen soberana? Acaso en la noche, sumergi\u00e9ndose en el enorme silencio como la redonda luna en las aguas del Mi\u00f1o, sin romperlo ni mancharlo, o\u00eds las cristalinas voces del tiempo pasado en Ferreira de Pant\u00f3n, si os acerc\u00e1is a la clausura bernarda, junto  a las voces de las monjas de divinas palabras; solamente una mon\u00f3tona salmodia lejana. El gregoriano es como un mar y en \u00e9l, como olas que van y vienen, comunal destino, se pierden los labios y los nombres: Aldonza, Ximena, Elvira\n \n                                  \u00c1lvaro Cunqueiro, \u201cJulio en la Ribeira Sagrada\u201d, en El pasajero en Galicia<\/h5>\t\t<\/div>\n\t\t\t\t<\/div>\n\t\t\t\t\t<\/div>\n\t\t<\/div>\n\t\t\t\t\t\t\t<\/div>\n\t\t<\/section>\n\t\t\t\t<section class=\"elementor-section elementor-top-section elementor-element elementor-element-3a49ff1 elementor-section-boxed elementor-section-height-default elementor-section-height-default\" data-id=\"3a49ff1\" data-element_type=\"section\">\n\t\t\t\t\t\t<div class=\"elementor-container elementor-column-gap-default\">\n\t\t\t\t\t<div class=\"elementor-column elementor-col-100 elementor-top-column elementor-element elementor-element-d888fe0\" data-id=\"d888fe0\" data-element_type=\"column\">\n\t\t\t<div class=\"elementor-widget-wrap elementor-element-populated\">\n\t\t\t\t\t\t\t\t<div class=\"elementor-element elementor-element-fd59238 elementor-widget elementor-widget-spacer\" data-id=\"fd59238\" data-element_type=\"widget\" data-widget_type=\"spacer.default\">\n\t\t\t\t<div class=\"elementor-widget-container\">\n\t\t\t\t\t<div class=\"elementor-spacer\">\n\t\t\t<div class=\"elementor-spacer-inner\"><\/div>\n\t\t<\/div>\n\t\t\t\t<\/div>\n\t\t\t\t<\/div>\n\t\t\t\t\t<\/div>\n\t\t<\/div>\n\t\t\t\t\t\t\t<\/div>\n\t\t<\/section>\n\t\t\t\t\t\t<\/div>\n\t\t\t\t\t<\/div>\n\t\t","protected":false},"excerpt":{"rendered":"<p>Rom\u00e1nico As igrexas rom\u00e1nicas de Pant\u00f3n pertenceron a mosteiros que tiveron a s\u00faa orixe na Idade Media. A situaci\u00f3n xeogr\u00e1fica deste concello, ba\u00f1ado polos r\u00edos Cabe, Mi\u00f1o e Sil, favoreceu os asentamentos relixiosos no seu territorio. Son na s\u00faa maior\u00eda de pequeno tama\u00f1o, pero conservan unha gran riqueza escult\u00f3rica e importantes pinturas murais. De t\u00f3dolos &hellip;<\/p>\n<p class=\"read-more\"> <a class=\"\" href=\"https:\/\/concellopanton.es\/?page_id=316\"> <span class=\"screen-reader-text\">Patrimonio Rom\u00e1nico<\/span> Read More &raquo;<\/a><\/p>\n","protected":false},"author":2,"featured_media":0,"parent":0,"menu_order":0,"comment_status":"closed","ping_status":"closed","template":"","meta":{"footnotes":""},"class_list":["post-316","page","type-page","status-publish","hentry"],"_links":{"self":[{"href":"https:\/\/concellopanton.es\/index.php?rest_route=\/wp\/v2\/pages\/316","targetHints":{"allow":["GET"]}}],"collection":[{"href":"https:\/\/concellopanton.es\/index.php?rest_route=\/wp\/v2\/pages"}],"about":[{"href":"https:\/\/concellopanton.es\/index.php?rest_route=\/wp\/v2\/types\/page"}],"author":[{"embeddable":true,"href":"https:\/\/concellopanton.es\/index.php?rest_route=\/wp\/v2\/users\/2"}],"replies":[{"embeddable":true,"href":"https:\/\/concellopanton.es\/index.php?rest_route=%2Fwp%2Fv2%2Fcomments&post=316"}],"version-history":[{"count":25,"href":"https:\/\/concellopanton.es\/index.php?rest_route=\/wp\/v2\/pages\/316\/revisions"}],"predecessor-version":[{"id":345,"href":"https:\/\/concellopanton.es\/index.php?rest_route=\/wp\/v2\/pages\/316\/revisions\/345"}],"wp:attachment":[{"href":"https:\/\/concellopanton.es\/index.php?rest_route=%2Fwp%2Fv2%2Fmedia&parent=316"}],"curies":[{"name":"wp","href":"https:\/\/api.w.org\/{rel}","templated":true}]}}