{"id":209,"date":"2021-02-17T09:44:13","date_gmt":"2021-02-17T09:44:13","guid":{"rendered":"https:\/\/concellopanton.es\/?page_id=209"},"modified":"2021-02-17T11:58:35","modified_gmt":"2021-02-17T11:58:35","slug":"info-varios","status":"publish","type":"page","link":"https:\/\/concellopanton.es\/?page_id=209","title":{"rendered":"Info. varios"},"content":{"rendered":"\t\t<div data-elementor-type=\"wp-page\" data-elementor-id=\"209\" class=\"elementor elementor-209\" data-elementor-settings=\"[]\">\n\t\t\t\t\t\t\t<div class=\"elementor-section-wrap\">\n\t\t\t\t\t\t\t<section class=\"elementor-section elementor-top-section elementor-element elementor-element-7929c8a6 elementor-section-content-middle elementor-section-boxed elementor-section-height-default elementor-section-height-default\" data-id=\"7929c8a6\" data-element_type=\"section\" data-settings=\"{&quot;background_background&quot;:&quot;video&quot;,&quot;background_video_link&quot;:&quot;https:\\\/\\\/www.youtube.com\\\/watch?v=P-sxP9ZV2Is&amp;t=8s&quot;}\">\n\t\t\t\t\t\t\t\t<div class=\"elementor-background-video-container elementor-hidden-phone\">\n\t\t\t\t\t\t\t\t\t\t\t\t\t<div class=\"elementor-background-video-embed\"><\/div>\n\t\t\t\t\t\t\t\t\t\t\t\t<\/div>\n\t\t\t\t\t\t\t\t<div class=\"elementor-container elementor-column-gap-no\">\n\t\t\t\t\t<div class=\"elementor-column elementor-col-100 elementor-top-column elementor-element elementor-element-436daee6\" data-id=\"436daee6\" data-element_type=\"column\">\n\t\t\t<div class=\"elementor-widget-wrap elementor-element-populated\">\n\t\t\t\t\t\t\t\t<div class=\"elementor-element elementor-element-6198a514 elementor-widget elementor-widget-spacer\" data-id=\"6198a514\" data-element_type=\"widget\" data-widget_type=\"spacer.default\">\n\t\t\t\t<div class=\"elementor-widget-container\">\n\t\t\t\t\t<div class=\"elementor-spacer\">\n\t\t\t<div class=\"elementor-spacer-inner\"><\/div>\n\t\t<\/div>\n\t\t\t\t<\/div>\n\t\t\t\t<\/div>\n\t\t\t\t\t<\/div>\n\t\t<\/div>\n\t\t\t\t\t\t\t<\/div>\n\t\t<\/section>\n\t\t\t\t<section class=\"elementor-section elementor-top-section elementor-element elementor-element-2e09da30 elementor-section-content-middle elementor-section-boxed elementor-section-height-default elementor-section-height-default\" data-id=\"2e09da30\" data-element_type=\"section\">\n\t\t\t\t\t\t<div class=\"elementor-container elementor-column-gap-no\">\n\t\t\t\t\t<div class=\"elementor-column elementor-col-100 elementor-top-column elementor-element elementor-element-4286d6f5\" data-id=\"4286d6f5\" data-element_type=\"column\">\n\t\t\t<div class=\"elementor-widget-wrap elementor-element-populated\">\n\t\t\t\t\t\t\t\t<div class=\"elementor-element elementor-element-7d77c7fd elementor-widget elementor-widget-heading\" data-id=\"7d77c7fd\" data-element_type=\"widget\" data-widget_type=\"heading.default\">\n\t\t\t\t<div class=\"elementor-widget-container\">\n\t\t\t<h4 class=\"elementor-heading-title elementor-size-default\">Informaci\u00f3n<\/h4>\t\t<\/div>\n\t\t\t\t<\/div>\n\t\t\t\t<div class=\"elementor-element elementor-element-36be3622 elementor-widget elementor-widget-heading\" data-id=\"36be3622\" data-element_type=\"widget\" data-widget_type=\"heading.default\">\n\t\t\t\t<div class=\"elementor-widget-container\">\n\t\t\t<h5 class=\"elementor-heading-title elementor-size-default\">______________________________________________________<\/h5>\t\t<\/div>\n\t\t\t\t<\/div>\n\t\t\t\t<div class=\"elementor-element elementor-element-688faaa elementor-button-danger elementor-align-center elementor-widget elementor-widget-button\" data-id=\"688faaa\" data-element_type=\"widget\" data-widget_type=\"button.default\">\n\t\t\t\t<div class=\"elementor-widget-container\">\n\t\t\t\t\t<div class=\"elementor-button-wrapper\">\n\t\t\t<a href=\"https:\/\/panton.sedelectronica.gal\/info.0\" class=\"elementor-button-link elementor-button elementor-size-sm\" role=\"button\">\n\t\t\t\t\t\t<span class=\"elementor-button-content-wrapper\">\n\t\t\t\t\t\t<span class=\"elementor-button-text\">Acceder \u00e1 Sede Electr\u00f3nica - Taboleiro de anuncios <\/span>\n\t\t<\/span>\n\t\t\t\t\t<\/a>\n\t\t<\/div>\n\t\t\t\t<\/div>\n\t\t\t\t<\/div>\n\t\t\t\t<section class=\"elementor-section elementor-inner-section elementor-element elementor-element-3fdf4434 elementor-section-content-middle elementor-section-boxed elementor-section-height-default elementor-section-height-default\" data-id=\"3fdf4434\" data-element_type=\"section\">\n\t\t\t\t\t\t<div class=\"elementor-container elementor-column-gap-no\">\n\t\t\t\t\t<div class=\"elementor-column elementor-col-50 elementor-inner-column elementor-element elementor-element-54781f3f\" data-id=\"54781f3f\" data-element_type=\"column\">\n\t\t\t<div class=\"elementor-widget-wrap elementor-element-populated\">\n\t\t\t\t\t\t\t\t<div class=\"elementor-element elementor-element-23fe2415 elementor-position-top elementor-vertical-align-top elementor-widget elementor-widget-image-box\" data-id=\"23fe2415\" data-element_type=\"widget\" data-widget_type=\"image-box.default\">\n\t\t\t\t<div class=\"elementor-widget-container\">\n\t\t\t<div class=\"elementor-image-box-wrapper\"><figure class=\"elementor-image-box-img\"><a href=\"https:\/\/concellopanton.es\/wp-content\/uploads\/2021\/02\/Cursos1.pdf\"><img loading=\"lazy\" decoding=\"async\" width=\"640\" height=\"640\" src=\"https:\/\/concellopanton.es\/wp-content\/uploads\/2021\/02\/pdf-logo.jpg\" class=\"attachment-full size-full\" alt=\"\" srcset=\"https:\/\/concellopanton.es\/wp-content\/uploads\/2021\/02\/pdf-logo.jpg 640w, https:\/\/concellopanton.es\/wp-content\/uploads\/2021\/02\/pdf-logo-300x300.jpg 300w, https:\/\/concellopanton.es\/wp-content\/uploads\/2021\/02\/pdf-logo-150x150.jpg 150w\" sizes=\"auto, (max-width: 640px) 100vw, 640px\" \/><\/a><\/figure><div class=\"elementor-image-box-content\"><h3 class=\"elementor-image-box-title\"><a href=\"https:\/\/concellopanton.es\/wp-content\/uploads\/2021\/02\/Cursos1.pdf\">Cursos<\/a><\/h3><p class=\"elementor-image-box-description\">listado de cursos<\/p><\/div><\/div>\t\t<\/div>\n\t\t\t\t<\/div>\n\t\t\t\t\t<\/div>\n\t\t<\/div>\n\t\t\t\t<div class=\"elementor-column elementor-col-50 elementor-inner-column elementor-element elementor-element-28f2c920\" data-id=\"28f2c920\" data-element_type=\"column\">\n\t\t\t<div class=\"elementor-widget-wrap elementor-element-populated\">\n\t\t\t\t\t\t\t\t<div class=\"elementor-element elementor-element-4e639182 elementor-position-top elementor-vertical-align-top elementor-widget elementor-widget-image-box\" data-id=\"4e639182\" data-element_type=\"widget\" data-widget_type=\"image-box.default\">\n\t\t\t\t<div class=\"elementor-widget-container\">\n\t\t\t<div class=\"elementor-image-box-wrapper\"><figure class=\"elementor-image-box-img\"><a href=\"https:\/\/concellopanton.es\/wp-content\/uploads\/2021\/02\/Axudas-ao-emprendemento.pdf\"><img loading=\"lazy\" decoding=\"async\" width=\"640\" height=\"640\" src=\"https:\/\/concellopanton.es\/wp-content\/uploads\/2021\/02\/pdf-logo.jpg\" class=\"attachment-full size-full\" alt=\"\" srcset=\"https:\/\/concellopanton.es\/wp-content\/uploads\/2021\/02\/pdf-logo.jpg 640w, https:\/\/concellopanton.es\/wp-content\/uploads\/2021\/02\/pdf-logo-300x300.jpg 300w, https:\/\/concellopanton.es\/wp-content\/uploads\/2021\/02\/pdf-logo-150x150.jpg 150w\" sizes=\"auto, (max-width: 640px) 100vw, 640px\" \/><\/a><\/figure><div class=\"elementor-image-box-content\"><h3 class=\"elementor-image-box-title\"><a href=\"https:\/\/concellopanton.es\/wp-content\/uploads\/2021\/02\/Axudas-ao-emprendemento.pdf\">Axudas ao emprendemento<\/a><\/h3><p class=\"elementor-image-box-description\">click para desgargar<\/p><\/div><\/div>\t\t<\/div>\n\t\t\t\t<\/div>\n\t\t\t\t\t<\/div>\n\t\t<\/div>\n\t\t\t\t\t\t\t<\/div>\n\t\t<\/section>\n\t\t\t\t<section class=\"elementor-section elementor-inner-section elementor-element elementor-element-8726090 elementor-section-content-middle elementor-section-boxed elementor-section-height-default elementor-section-height-default\" data-id=\"8726090\" data-element_type=\"section\">\n\t\t\t\t\t\t<div class=\"elementor-container elementor-column-gap-no\">\n\t\t\t\t\t<div class=\"elementor-column elementor-col-50 elementor-inner-column elementor-element elementor-element-5fa97bc\" data-id=\"5fa97bc\" data-element_type=\"column\">\n\t\t\t<div class=\"elementor-widget-wrap elementor-element-populated\">\n\t\t\t\t\t\t\t\t<div class=\"elementor-element elementor-element-5460591 elementor-position-top elementor-vertical-align-top elementor-widget elementor-widget-image-box\" data-id=\"5460591\" data-element_type=\"widget\" data-widget_type=\"image-box.default\">\n\t\t\t\t<div class=\"elementor-widget-container\">\n\t\t\t<div class=\"elementor-image-box-wrapper\"><figure class=\"elementor-image-box-img\"><a href=\"https:\/\/concellopanton.es\/wp-content\/uploads\/2021\/02\/Axudas-asociacions.pdf\"><img loading=\"lazy\" decoding=\"async\" width=\"640\" height=\"640\" src=\"https:\/\/concellopanton.es\/wp-content\/uploads\/2021\/02\/pdf-logo.jpg\" class=\"attachment-full size-full\" alt=\"\" srcset=\"https:\/\/concellopanton.es\/wp-content\/uploads\/2021\/02\/pdf-logo.jpg 640w, https:\/\/concellopanton.es\/wp-content\/uploads\/2021\/02\/pdf-logo-300x300.jpg 300w, https:\/\/concellopanton.es\/wp-content\/uploads\/2021\/02\/pdf-logo-150x150.jpg 150w\" sizes=\"auto, (max-width: 640px) 100vw, 640px\" \/><\/a><\/figure><div class=\"elementor-image-box-content\"><h3 class=\"elementor-image-box-title\"><a href=\"https:\/\/concellopanton.es\/wp-content\/uploads\/2021\/02\/Axudas-asociacions.pdf\">Axudas Asociaci\u00f3ns<\/a><\/h3><p class=\"elementor-image-box-description\">CLICK PARA DESGARGAR<\/p><\/div><\/div>\t\t<\/div>\n\t\t\t\t<\/div>\n\t\t\t\t\t<\/div>\n\t\t<\/div>\n\t\t\t\t<div class=\"elementor-column elementor-col-50 elementor-inner-column elementor-element elementor-element-53dc02b\" data-id=\"53dc02b\" data-element_type=\"column\">\n\t\t\t<div class=\"elementor-widget-wrap elementor-element-populated\">\n\t\t\t\t\t\t\t\t<div class=\"elementor-element elementor-element-705322e elementor-position-top elementor-vertical-align-top elementor-widget elementor-widget-image-box\" data-id=\"705322e\" data-element_type=\"widget\" data-widget_type=\"image-box.default\">\n\t\t\t\t<div class=\"elementor-widget-container\">\n\t\t\t<div class=\"elementor-image-box-wrapper\"><figure class=\"elementor-image-box-img\"><a href=\"https:\/\/concellopanton.es\/wp-content\/uploads\/2021\/02\/Axudas-enerxeticas.pdf\"><img loading=\"lazy\" decoding=\"async\" width=\"640\" height=\"640\" src=\"https:\/\/concellopanton.es\/wp-content\/uploads\/2021\/02\/pdf-logo.jpg\" class=\"attachment-full size-full\" alt=\"\" srcset=\"https:\/\/concellopanton.es\/wp-content\/uploads\/2021\/02\/pdf-logo.jpg 640w, https:\/\/concellopanton.es\/wp-content\/uploads\/2021\/02\/pdf-logo-300x300.jpg 300w, https:\/\/concellopanton.es\/wp-content\/uploads\/2021\/02\/pdf-logo-150x150.jpg 150w\" sizes=\"auto, (max-width: 640px) 100vw, 640px\" \/><\/a><\/figure><div class=\"elementor-image-box-content\"><h3 class=\"elementor-image-box-title\"><a href=\"https:\/\/concellopanton.es\/wp-content\/uploads\/2021\/02\/Axudas-enerxeticas.pdf\">Axudas Enerx\u00e9ticas<\/a><\/h3><p class=\"elementor-image-box-description\">click para desgargar<\/p><\/div><\/div>\t\t<\/div>\n\t\t\t\t<\/div>\n\t\t\t\t\t<\/div>\n\t\t<\/div>\n\t\t\t\t\t\t\t<\/div>\n\t\t<\/section>\n\t\t\t\t<section class=\"elementor-section elementor-inner-section elementor-element elementor-element-5ead288 elementor-section-content-middle elementor-section-boxed elementor-section-height-default elementor-section-height-default\" data-id=\"5ead288\" data-element_type=\"section\">\n\t\t\t\t\t\t<div class=\"elementor-container elementor-column-gap-no\">\n\t\t\t\t\t<div class=\"elementor-column elementor-col-50 elementor-inner-column elementor-element elementor-element-691091d\" data-id=\"691091d\" data-element_type=\"column\">\n\t\t\t<div class=\"elementor-widget-wrap elementor-element-populated\">\n\t\t\t\t\t\t\t\t<div class=\"elementor-element elementor-element-3516300 elementor-position-top elementor-vertical-align-top elementor-widget elementor-widget-image-box\" data-id=\"3516300\" data-element_type=\"widget\" data-widget_type=\"image-box.default\">\n\t\t\t\t<div class=\"elementor-widget-container\">\n\t\t\t<div class=\"elementor-image-box-wrapper\"><figure class=\"elementor-image-box-img\"><a href=\"https:\/\/concellopanton.es\/wp-content\/uploads\/2021\/02\/Axudas-establ.turisticos-restaur.pdf\"><img loading=\"lazy\" decoding=\"async\" width=\"640\" height=\"640\" src=\"https:\/\/concellopanton.es\/wp-content\/uploads\/2021\/02\/pdf-logo.jpg\" class=\"attachment-full size-full\" alt=\"\" srcset=\"https:\/\/concellopanton.es\/wp-content\/uploads\/2021\/02\/pdf-logo.jpg 640w, https:\/\/concellopanton.es\/wp-content\/uploads\/2021\/02\/pdf-logo-300x300.jpg 300w, https:\/\/concellopanton.es\/wp-content\/uploads\/2021\/02\/pdf-logo-150x150.jpg 150w\" sizes=\"auto, (max-width: 640px) 100vw, 640px\" \/><\/a><\/figure><div class=\"elementor-image-box-content\"><h3 class=\"elementor-image-box-title\"><a href=\"https:\/\/concellopanton.es\/wp-content\/uploads\/2021\/02\/Axudas-establ.turisticos-restaur.pdf\">Axudas establ.turisticos restaur<\/a><\/h3><p class=\"elementor-image-box-description\">CLICK PARA DESGARGAR<\/p><\/div><\/div>\t\t<\/div>\n\t\t\t\t<\/div>\n\t\t\t\t\t<\/div>\n\t\t<\/div>\n\t\t\t\t<div class=\"elementor-column elementor-col-50 elementor-inner-column elementor-element elementor-element-914abf9\" data-id=\"914abf9\" data-element_type=\"column\">\n\t\t\t<div class=\"elementor-widget-wrap elementor-element-populated\">\n\t\t\t\t\t\t\t\t<div class=\"elementor-element elementor-element-43bd0dc elementor-position-top elementor-vertical-align-top elementor-widget elementor-widget-image-box\" data-id=\"43bd0dc\" data-element_type=\"widget\" data-widget_type=\"image-box.default\">\n\t\t\t\t<div class=\"elementor-widget-container\">\n\t\t\t<div class=\"elementor-image-box-wrapper\"><figure class=\"elementor-image-box-img\"><a href=\"https:\/\/concellopanton.es\/wp-content\/uploads\/2021\/02\/Axudas-superf.forestais.pdf\"><img loading=\"lazy\" decoding=\"async\" width=\"640\" height=\"640\" src=\"https:\/\/concellopanton.es\/wp-content\/uploads\/2021\/02\/pdf-logo.jpg\" class=\"attachment-full size-full\" alt=\"\" srcset=\"https:\/\/concellopanton.es\/wp-content\/uploads\/2021\/02\/pdf-logo.jpg 640w, https:\/\/concellopanton.es\/wp-content\/uploads\/2021\/02\/pdf-logo-300x300.jpg 300w, https:\/\/concellopanton.es\/wp-content\/uploads\/2021\/02\/pdf-logo-150x150.jpg 150w\" sizes=\"auto, (max-width: 640px) 100vw, 640px\" \/><\/a><\/figure><div class=\"elementor-image-box-content\"><h3 class=\"elementor-image-box-title\"><a href=\"https:\/\/concellopanton.es\/wp-content\/uploads\/2021\/02\/Axudas-superf.forestais.pdf\">Axudas superf.forestais<\/a><\/h3><p class=\"elementor-image-box-description\">click para desgargar<\/p><\/div><\/div>\t\t<\/div>\n\t\t\t\t<\/div>\n\t\t\t\t\t<\/div>\n\t\t<\/div>\n\t\t\t\t\t\t\t<\/div>\n\t\t<\/section>\n\t\t\t\t<section class=\"elementor-section elementor-inner-section elementor-element elementor-element-8a19693 elementor-section-content-middle elementor-section-boxed elementor-section-height-default elementor-section-height-default\" data-id=\"8a19693\" data-element_type=\"section\">\n\t\t\t\t\t\t<div class=\"elementor-container elementor-column-gap-no\">\n\t\t\t\t\t<div class=\"elementor-column elementor-col-50 elementor-inner-column elementor-element elementor-element-885490a\" data-id=\"885490a\" data-element_type=\"column\">\n\t\t\t<div class=\"elementor-widget-wrap elementor-element-populated\">\n\t\t\t\t\t\t\t\t<div class=\"elementor-element elementor-element-e7c077c elementor-position-top elementor-vertical-align-top elementor-widget elementor-widget-image-box\" data-id=\"e7c077c\" data-element_type=\"widget\" data-widget_type=\"image-box.default\">\n\t\t\t\t<div class=\"elementor-widget-container\">\n\t\t\t<div class=\"elementor-image-box-wrapper\"><figure class=\"elementor-image-box-img\"><a href=\"https:\/\/concellopanton.es\/wp-content\/uploads\/2021\/02\/Compra-de-vivenda.pdf\"><img loading=\"lazy\" decoding=\"async\" width=\"640\" height=\"640\" src=\"https:\/\/concellopanton.es\/wp-content\/uploads\/2021\/02\/pdf-logo.jpg\" class=\"attachment-full size-full\" alt=\"\" srcset=\"https:\/\/concellopanton.es\/wp-content\/uploads\/2021\/02\/pdf-logo.jpg 640w, https:\/\/concellopanton.es\/wp-content\/uploads\/2021\/02\/pdf-logo-300x300.jpg 300w, https:\/\/concellopanton.es\/wp-content\/uploads\/2021\/02\/pdf-logo-150x150.jpg 150w\" sizes=\"auto, (max-width: 640px) 100vw, 640px\" \/><\/a><\/figure><div class=\"elementor-image-box-content\"><h3 class=\"elementor-image-box-title\"><a href=\"https:\/\/concellopanton.es\/wp-content\/uploads\/2021\/02\/Compra-de-vivenda.pdf\">Compra de vivenda<\/a><\/h3><p class=\"elementor-image-box-description\">CLICK PARA DESGARGAR<\/p><\/div><\/div>\t\t<\/div>\n\t\t\t\t<\/div>\n\t\t\t\t\t<\/div>\n\t\t<\/div>\n\t\t\t\t<div class=\"elementor-column elementor-col-50 elementor-inner-column elementor-element elementor-element-ac29f78\" data-id=\"ac29f78\" data-element_type=\"column\">\n\t\t\t<div class=\"elementor-widget-wrap elementor-element-populated\">\n\t\t\t\t\t\t\t\t<div class=\"elementor-element elementor-element-aa3a57c elementor-position-top elementor-vertical-align-top elementor-widget elementor-widget-image-box\" data-id=\"aa3a57c\" data-element_type=\"widget\" data-widget_type=\"image-box.default\">\n\t\t\t\t<div class=\"elementor-widget-container\">\n\t\t\t<div class=\"elementor-image-box-wrapper\"><figure class=\"elementor-image-box-img\"><a href=\"https:\/\/concellopanton.es\/wp-content\/uploads\/2021\/02\/Mellora-paix-Camino-de-Santiago.pdf\"><img loading=\"lazy\" decoding=\"async\" width=\"640\" height=\"640\" src=\"https:\/\/concellopanton.es\/wp-content\/uploads\/2021\/02\/pdf-logo.jpg\" class=\"attachment-full size-full\" alt=\"\" srcset=\"https:\/\/concellopanton.es\/wp-content\/uploads\/2021\/02\/pdf-logo.jpg 640w, https:\/\/concellopanton.es\/wp-content\/uploads\/2021\/02\/pdf-logo-300x300.jpg 300w, https:\/\/concellopanton.es\/wp-content\/uploads\/2021\/02\/pdf-logo-150x150.jpg 150w\" sizes=\"auto, (max-width: 640px) 100vw, 640px\" \/><\/a><\/figure><div class=\"elementor-image-box-content\"><h3 class=\"elementor-image-box-title\"><a href=\"https:\/\/concellopanton.es\/wp-content\/uploads\/2021\/02\/Mellora-paix-Camino-de-Santiago.pdf\">Mellora paix Cami\u00f1o de Santiago<\/a><\/h3><p class=\"elementor-image-box-description\">click para desgargar<\/p><\/div><\/div>\t\t<\/div>\n\t\t\t\t<\/div>\n\t\t\t\t\t<\/div>\n\t\t<\/div>\n\t\t\t\t\t\t\t<\/div>\n\t\t<\/section>\n\t\t\t\t<section class=\"elementor-section elementor-inner-section elementor-element elementor-element-7bcf2b4b elementor-section-content-middle elementor-section-boxed elementor-section-height-default elementor-section-height-default\" data-id=\"7bcf2b4b\" data-element_type=\"section\">\n\t\t\t\t\t\t<div class=\"elementor-container elementor-column-gap-no\">\n\t\t\t\t\t<div class=\"elementor-column elementor-col-50 elementor-inner-column elementor-element elementor-element-19d1a15e\" data-id=\"19d1a15e\" data-element_type=\"column\">\n\t\t\t<div class=\"elementor-widget-wrap elementor-element-populated\">\n\t\t\t\t\t\t\t\t<div class=\"elementor-element elementor-element-2d2b859d elementor-position-top elementor-vertical-align-top elementor-widget elementor-widget-image-box\" data-id=\"2d2b859d\" data-element_type=\"widget\" data-widget_type=\"image-box.default\">\n\t\t\t\t<div class=\"elementor-widget-container\">\n\t\t\t<div class=\"elementor-image-box-wrapper\"><figure class=\"elementor-image-box-img\"><img loading=\"lazy\" decoding=\"async\" width=\"434\" height=\"615\" src=\"https:\/\/concellopanton.es\/wp-content\/uploads\/2021\/02\/01.jpg\" class=\"attachment-full size-full\" alt=\"\" srcset=\"https:\/\/concellopanton.es\/wp-content\/uploads\/2021\/02\/01.jpg 434w, https:\/\/concellopanton.es\/wp-content\/uploads\/2021\/02\/01-212x300.jpg 212w\" sizes=\"auto, (max-width: 434px) 100vw, 434px\" \/><\/figure><div class=\"elementor-image-box-content\"><h3 class=\"elementor-image-box-title\">Xoves de compadres<\/h3><p class=\"elementor-image-box-description\">Participade!<\/p><\/div><\/div>\t\t<\/div>\n\t\t\t\t<\/div>\n\t\t\t\t\t<\/div>\n\t\t<\/div>\n\t\t\t\t<div class=\"elementor-column elementor-col-50 elementor-inner-column elementor-element elementor-element-1a93fdb0\" data-id=\"1a93fdb0\" data-element_type=\"column\">\n\t\t\t<div class=\"elementor-widget-wrap elementor-element-populated\">\n\t\t\t\t\t\t\t\t<div class=\"elementor-element elementor-element-4c6e50eb elementor-position-top elementor-vertical-align-top elementor-widget elementor-widget-image-box\" data-id=\"4c6e50eb\" data-element_type=\"widget\" data-widget_type=\"image-box.default\">\n\t\t\t\t<div class=\"elementor-widget-container\">\n\t\t\t<div class=\"elementor-image-box-wrapper\"><figure class=\"elementor-image-box-img\"><img loading=\"lazy\" decoding=\"async\" width=\"434\" height=\"612\" src=\"https:\/\/concellopanton.es\/wp-content\/uploads\/2021\/02\/02.jpg\" class=\"attachment-full size-full\" alt=\"\" srcset=\"https:\/\/concellopanton.es\/wp-content\/uploads\/2021\/02\/02.jpg 434w, https:\/\/concellopanton.es\/wp-content\/uploads\/2021\/02\/02-213x300.jpg 213w\" sizes=\"auto, (max-width: 434px) 100vw, 434px\" \/><\/figure><div class=\"elementor-image-box-content\"><h3 class=\"elementor-image-box-title\">Veh\u00edculos Agr\u00edcolas<\/h3><p class=\"elementor-image-box-description\">Bando Concello de Pant\u00f3n<\/p><\/div><\/div>\t\t<\/div>\n\t\t\t\t<\/div>\n\t\t\t\t\t<\/div>\n\t\t<\/div>\n\t\t\t\t\t\t\t<\/div>\n\t\t<\/section>\n\t\t\t\t\t<\/div>\n\t\t<\/div>\n\t\t\t\t\t\t\t<\/div>\n\t\t<\/section>\n\t\t\t\t\t\t<\/div>\n\t\t\t\t\t<\/div>\n\t\t","protected":false},"excerpt":{"rendered":"<p>Informaci\u00f3n ______________________________________________________ Acceder \u00e1 Sede Electr\u00f3nica &#8211; Taboleiro de anuncios Cursos listado de cursos Axudas ao emprendemento click para desgargar Axudas Asociaci\u00f3ns CLICK PARA DESGARGAR Axudas Enerx\u00e9ticas click para desgargar Axudas establ.turisticos restaur CLICK PARA DESGARGAR Axudas superf.forestais click para desgargar Compra de vivenda CLICK PARA DESGARGAR Mellora paix Cami\u00f1o de Santiago click para desgargar &hellip;<\/p>\n<p class=\"read-more\"> <a class=\"\" href=\"https:\/\/concellopanton.es\/?page_id=209\"> <span class=\"screen-reader-text\">Info. varios<\/span> Read More &raquo;<\/a><\/p>\n","protected":false},"author":1,"featured_media":0,"parent":0,"menu_order":0,"comment_status":"closed","ping_status":"closed","template":"","meta":{"footnotes":""},"class_list":["post-209","page","type-page","status-publish","hentry"],"_links":{"self":[{"href":"https:\/\/concellopanton.es\/index.php?rest_route=\/wp\/v2\/pages\/209","targetHints":{"allow":["GET"]}}],"collection":[{"href":"https:\/\/concellopanton.es\/index.php?rest_route=\/wp\/v2\/pages"}],"about":[{"href":"https:\/\/concellopanton.es\/index.php?rest_route=\/wp\/v2\/types\/page"}],"author":[{"embeddable":true,"href":"https:\/\/concellopanton.es\/index.php?rest_route=\/wp\/v2\/users\/1"}],"replies":[{"embeddable":true,"href":"https:\/\/concellopanton.es\/index.php?rest_route=%2Fwp%2Fv2%2Fcomments&post=209"}],"version-history":[{"count":47,"href":"https:\/\/concellopanton.es\/index.php?rest_route=\/wp\/v2\/pages\/209\/revisions"}],"predecessor-version":[{"id":309,"href":"https:\/\/concellopanton.es\/index.php?rest_route=\/wp\/v2\/pages\/209\/revisions\/309"}],"wp:attachment":[{"href":"https:\/\/concellopanton.es\/index.php?rest_route=%2Fwp%2Fv2%2Fmedia&parent=209"}],"curies":[{"name":"wp","href":"https:\/\/api.w.org\/{rel}","templated":true}]}}